{"id":127,"date":"2014-07-24T17:21:15","date_gmt":"2014-07-24T17:21:15","guid":{"rendered":"http:\/\/phdphil.ffri.hr\/?page_id=127"},"modified":"2025-07-03T10:39:01","modified_gmt":"2025-07-03T10:39:01","slug":"projekti","status":"publish","type":"page","link":"https:\/\/phdphil.ffri.hr\/?page_id=127","title":{"rendered":"Znanstveno-istra\u017eiva\u010dki projekti"},"content":{"rendered":"\n<p><p><strong>Projekti financirani od strane Hrvatske zaklade za znanost (HRZZ):<\/strong><\/p>\n<p><strong>Istra\u017eiva\u010dki projekti:<\/strong><\/p><\/p>\n\n\n\n<ul>\n<li><em><a rel=\"noreferrer noopener\" href=\"http:\/\/rad.ffri.hr\/en\/\" target=\"_blank\"><em>Odgovori na antisocijalne osobnosti u demokratskom dru\u0161tvu<\/em><\/a><\/em> (IP-2018-01-3518), voditelj projekta prof. dr. sc. Luca Malatesti <\/li>\n\n\n\n<li><em><a rel=\"noreferrer noopener\" href=\"https:\/\/jops391315113.wordpress.com\/\" target=\"_blank\">Javno opravdanje i pluralizam sposobnosti<\/a><\/em> (IP-2020-02-8073), voditelj projekta prof. dr. sc. Elvio Baccarini<\/li>\n\n\n\n<li><a rel=\"noreferrer noopener\" href=\"http:\/\/thumb.ffri.hr\/\" target=\"_blank\">Teorijske pretpostavke molekularne biologije<\/a> (HRZZ-IP-2018-01-3378) &#8211; Theorethical Underpinnings of Molecular Biology (ThUMB), voditelj projekta: prof. dr. sc. Predrag \u0160ustar<\/li>\n\n\n\n<li><em>Razvoj karijera mladih istra\u017eiva\u010da<\/em> &#8211; <em>doktorandi u radnom odnosu (Vito Balorda, Mia Biturajac, Aleksandar Bo\u017ei\u0107, Tamara Crnko, Iva Martini\u0107, Mladen Bo\u0161njak)<\/em><\/li>\n\n\n\n<li><em><a href=\"https:\/\/dobrobit.uniri.hr\/\">Dobrobit, pripadnost i dru\u0161tvena pravednost<\/a><\/em>, voditelj projekta: doc. dr. sc. Neboj\u0161a Zeli\u010d<\/li>\n\n\n\n<li><em><a href=\"https:\/\/aetna.uniri.hr\/\">Estetsko obrazovanje putem narativne umjetnosti i njegova va\u017enost za humanistiku<\/a><\/em>, voditeljica projekta izv. prof. dr. sc. Iris Vidamar-Jovanovi\u0107 (zaposlena Ema Luna Lali\u0107)<\/li>\n\n\n\n<li><a href=\"https:\/\/sway.cloud.microsoft\/xtU0m67IbRR0LAiJ?ref=Link\">Teorijska istra\u017eivanja na razme\u0111u filozofije psihologije i dru\u0161tvenih praksi (TIPPS)<\/a>, voditelj projekta: izv. prof. dr. sc. Marko Jurjako<\/li>\n\n\n\n<li><a href=\"https:\/\/metafilozofija.uniri.hr\/\">Metafilozofija<\/a>, voditelj projekta: prof. dr. sc. Boran Ber\u010di\u0107<\/li>\n\n\n\n<li><a href=\"https:\/\/eddd.uniri.hr\/\">Epistemi\u010dka demokracija u digitalno doba<\/a>, voditelj projekta: doc. dr. sc. Ivan Cerovac<\/li>\n<\/ul>\n\n\n\n<p><strong>Projekti UNIRI:<\/strong><\/p>\n\n\n\n<ul>\n<li><em>Dru\u0161tveni i tehnolo\u0161ki aspekti umjetnosti: izazovi &#8216;novog normalnog&#8217;\u00a0,<\/em> voditeljica projekta: izv. prof. dr. sc. Iris Vidamar-Jovanovi\u0107<\/li>\n\n\n\n<li><em>Demokracija: ljudska prava i intelektualne vrline<\/em>, voditelj projekta: prof. dr. sc. Elvio Baccarini<\/li>\n\n\n\n<li><em>Metametafizika<\/em>, voditelj projekta prof. dr. sc. Boran Ber\u010di\u0107<\/li>\n\n\n\n<li><em>Kriti\u010dko mi\u0161ljenje i dru\u0161tvo: obrazovanje, znanost, politika i religija,<\/em> voditeljica projekta: prof. dr. sc. Majda Trobok;<\/li>\n\n\n\n<li><em>Klasifikacije u biologiji i medicini (KUBIM),<\/em> voditelj projekta: prof. dr. sc. Predrag \u0160ustar<\/li>\n\n\n\n<li><em>Funkcije u biologiji i medicini (FUBIM)<\/em>, voditelj projekta: prof. dr. sc. Predrag \u0160ustar<\/li>\n\n\n\n<li><em>Filozofska analiza u kognitivnoj znanosti<\/em>, voditelj projekta: prof. dr. sc. Luca Malatesti<\/li>\n\n\n\n<li><em>Epistemi\u010dka demokracija u digitalno doba<\/em>, voditelj projekta: doc. dr. sc. Ivan Cerovac<\/li>\n\n\n\n<li><em>Pravo na pogre\u0161ku. Javno opravdanje javnih odluka i javnih vrijednosti<\/em>, voditelj: prof. dr. sc. Elvio Baccarini<\/li>\n\n\n\n<li><em>Priroda filozofije<\/em>, voditelj projekta: prof. dr. sc. Boran Ber\u010di\u0107<\/li>\n\n\n\n<li><em>Epistemi\u010dki izazovi populizma: Utjecaj jezika i diskursa na epistemi\u010dke temelje demokracije , <\/em>voditelj projekta: doc. dr. sc. Ivan Cerovac<\/li>\n\n\n\n<li><em>Epistemi\u010dka demokracija u digitalno doba<\/em>, voditelj projekta: doc. dr. sc. Ivan Cerovac<\/li>\n<\/ul>\n\n\n\n<p>&nbsp;<\/p>\n\n\n\n<p><\/p>\n\n\n\n<p>&nbsp;<\/p>\n","protected":false},"excerpt":{"rendered":"<p>Projekti financirani od strane Hrvatske zaklade za znanost (HRZZ): Istra\u017eiva\u010dki projekti: Projekti UNIRI: &nbsp; &nbsp;<\/p>\n","protected":false},"author":1,"featured_media":0,"parent":0,"menu_order":0,"comment_status":"closed","ping_status":"closed","template":"","meta":[],"_links":{"self":[{"href":"https:\/\/phdphil.ffri.hr\/index.php?rest_route=\/wp\/v2\/pages\/127"}],"collection":[{"href":"https:\/\/phdphil.ffri.hr\/index.php?rest_route=\/wp\/v2\/pages"}],"about":[{"href":"https:\/\/phdphil.ffri.hr\/index.php?rest_route=\/wp\/v2\/types\/page"}],"author":[{"embeddable":true,"href":"https:\/\/phdphil.ffri.hr\/index.php?rest_route=\/wp\/v2\/users\/1"}],"replies":[{"embeddable":true,"href":"https:\/\/phdphil.ffri.hr\/index.php?rest_route=%2Fwp%2Fv2%2Fcomments&post=127"}],"version-history":[{"count":49,"href":"https:\/\/phdphil.ffri.hr\/index.php?rest_route=\/wp\/v2\/pages\/127\/revisions"}],"predecessor-version":[{"id":674,"href":"https:\/\/phdphil.ffri.hr\/index.php?rest_route=\/wp\/v2\/pages\/127\/revisions\/674"}],"wp:attachment":[{"href":"https:\/\/phdphil.ffri.hr\/index.php?rest_route=%2Fwp%2Fv2%2Fmedia&parent=127"}],"curies":[{"name":"wp","href":"https:\/\/api.w.org\/{rel}","templated":true}]}}