{"id":13,"date":"2014-07-17T11:58:33","date_gmt":"2014-07-17T11:58:33","guid":{"rendered":"http:\/\/phdphil.wordpress.com\/?page_id=13"},"modified":"2025-11-27T11:23:33","modified_gmt":"2025-11-27T11:23:33","slug":"contact","status":"publish","type":"page","link":"https:\/\/phdphil.ffri.hr\/?page_id=13","title":{"rendered":"Kontakt"},"content":{"rendered":"<p>Doktorski studij &#8220;Filozofija i suvremenost&#8221;<\/p>\n<p>Filozofski fakultet<br \/>\nSveu\u010dili\u0161te u Rijeci<br \/>\nSveu\u010dili\u0161na avenija 4<br \/>\n51000 Rijeka Hrvatska<\/p>\n<p>Voditelj studija: prof. dr. sc. Boran Ber\u010di\u0107 (<a href=\"mailto:mblecic@uniri.hr\">boran.bercic@uniri.hr)<\/a><br \/>\nTajnica studija: Gordana D\u017eelalija (<a href=\"mailto:mblecic@uniri.hr\">gordana.dzelalija@uniri.hr<\/a>)<\/p>\n","protected":false},"excerpt":{"rendered":"<p>Doktorski studij &#8220;Filozofija i suvremenost&#8221; Filozofski fakultet Sveu\u010dili\u0161te u Rijeci Sveu\u010dili\u0161na avenija 4 51000 Rijeka Hrvatska Voditelj studija: prof. dr. sc. Boran Ber\u010di\u0107 (boran.bercic@uniri.hr) Tajnica studija: Gordana D\u017eelalija (gordana.dzelalija@uniri.hr)<\/p>\n","protected":false},"author":1,"featured_media":0,"parent":0,"menu_order":0,"comment_status":"open","ping_status":"closed","template":"","meta":[],"_links":{"self":[{"href":"https:\/\/phdphil.ffri.hr\/index.php?rest_route=\/wp\/v2\/pages\/13"}],"collection":[{"href":"https:\/\/phdphil.ffri.hr\/index.php?rest_route=\/wp\/v2\/pages"}],"about":[{"href":"https:\/\/phdphil.ffri.hr\/index.php?rest_route=\/wp\/v2\/types\/page"}],"author":[{"embeddable":true,"href":"https:\/\/phdphil.ffri.hr\/index.php?rest_route=\/wp\/v2\/users\/1"}],"replies":[{"embeddable":true,"href":"https:\/\/phdphil.ffri.hr\/index.php?rest_route=%2Fwp%2Fv2%2Fcomments&post=13"}],"version-history":[{"count":18,"href":"https:\/\/phdphil.ffri.hr\/index.php?rest_route=\/wp\/v2\/pages\/13\/revisions"}],"predecessor-version":[{"id":677,"href":"https:\/\/phdphil.ffri.hr\/index.php?rest_route=\/wp\/v2\/pages\/13\/revisions\/677"}],"wp:attachment":[{"href":"https:\/\/phdphil.ffri.hr\/index.php?rest_route=%2Fwp%2Fv2%2Fmedia&parent=13"}],"curies":[{"name":"wp","href":"https:\/\/api.w.org\/{rel}","templated":true}]}}