{"id":19,"date":"2014-07-17T11:57:58","date_gmt":"2014-07-17T11:57:58","guid":{"rendered":"http:\/\/phdphil.wordpress.com\/?page_id=19"},"modified":"2024-04-15T11:03:31","modified_gmt":"2024-04-15T11:03:31","slug":"nastavnoosoblje","status":"publish","type":"page","link":"https:\/\/phdphil.ffri.hr\/?page_id=19","title":{"rendered":"Nastavno osoblje"},"content":{"rendered":"<div class=\"gmail_default\"><span style=\"font-size: 16px;\">\u00a0<\/span><\/div>\n<div>\u00a0<\/div>\n<div class=\"gmail_default\">\n<table style=\"width: 971.112px; height: 3px;\" border=\"0\" cellspacing=\"0\" cellpadding=\"0\">\n<tbody>\n<tr style=\"height: 22px;\">\n<td style=\"width: 967.109px; height: 22px;\" colspan=\"4\"><strong>Redoviti profesori<\/strong><\/td>\n<\/tr>\n<tr style=\"height: 29.5625px;\">\n<td style=\"width: 239.891px; height: 29.5625px;\">\n<p><a href=\"https:\/\/portal.uniri.hr\/portfelj\/1082\" target=\"_blank\" rel=\"noopener\" data-saferedirecturl=\"https:\/\/www.google.com\/url?q=https:\/\/portal.uniri.hr\/portfelj\/1082&amp;source=gmail&amp;ust=1625724122135000&amp;usg=AFQjCNGL6YbXLEqIpUdrk8BP_VUP_cRFYQ\">Elvio Baccarini<\/a><\/p>\n<\/td>\n<td style=\"width: 376.766px; height: 29.5625px;\">\n<p><a href=\"mailto:elvio.baccarini@ffri.uniri.hr\" target=\"_blank\" rel=\"noopener\">elvio.baccarini@ffri.uniri.hr<\/a><\/p>\n<\/td>\n<td style=\"width: 251.438px; height: 29.5625px;\">\n<p>051\/265-641<\/p>\n<\/td>\n<td style=\"width: 93.0156px; height: 29.5625px;\">\n<p>F-418<\/p>\n<\/td>\n<\/tr>\n<tr style=\"height: 14px;\">\n<td style=\"width: 239.891px; height: 14px;\">\n<p><a href=\"https:\/\/portal.uniri.hr\/portfelj\/1135\" target=\"_blank\" rel=\"noopener\" data-saferedirecturl=\"https:\/\/www.google.com\/url?q=https:\/\/portal.uniri.hr\/portfelj\/1135&amp;source=gmail&amp;ust=1625724122135000&amp;usg=AFQjCNEF7DIgQL2LsnRApKtZ7b2KoO9QOw\">Snje\u017eana Priji\u0107-Samar\u017eija<\/a><\/p>\n<\/td>\n<td style=\"width: 376.766px; height: 14px;\">\n<p><a href=\"mailto:prijic@uniri.hr\" target=\"_blank\" rel=\"noopener\">prijic@uniri.hr<\/a><\/p>\n<\/td>\n<td style=\"width: 251.438px; height: 14px;\">\n<p>051\/265-644<\/p>\n<\/td>\n<td style=\"width: 93.0156px; height: 14px;\">\n<p>F-417<\/p>\n<\/td>\n<\/tr>\n<tr style=\"height: 22px;\">\n<td style=\"width: 239.891px; height: 22px;\"><a href=\"https:\/\/portal.uniri.hr\/portfelj\/1230\" target=\"_blank\" rel=\"noopener\" data-saferedirecturl=\"https:\/\/www.google.com\/url?q=https:\/\/portal.uniri.hr\/portfelj\/1230&amp;source=gmail&amp;ust=1625724122135000&amp;usg=AFQjCNFm5PbdIMTIgoR6Bj1k6hfGxZ22Mg\">Boran Ber\u010di\u0107<\/a><\/td>\n<td style=\"width: 376.766px; height: 22px;\"><a href=\"mailto:boran.bercic@ffri.uniri.hr\" target=\"_blank\" rel=\"noopener\">boran.bercic@ffri.uniri.hr<\/a><\/td>\n<td style=\"width: 251.438px; height: 22px;\">051\/265-645<\/td>\n<td style=\"width: 93.0156px; height: 22px;\">F-416<\/td>\n<\/tr>\n<tr style=\"height: 22px;\">\n<td style=\"width: 239.891px; height: 22px;\"><a href=\"https:\/\/portal.uniri.hr\/portfelj\/732\" target=\"_blank\" rel=\"noopener\" data-saferedirecturl=\"https:\/\/www.google.com\/url?q=https:\/\/portal.uniri.hr\/portfelj\/732&amp;source=gmail&amp;ust=1625724122135000&amp;usg=AFQjCNErGzr6lpleBC1-C0f4WpcFNn4kXQ\">Majda Trobok<\/a><\/td>\n<td style=\"width: 376.766px; height: 22px;\"><a href=\"mailto:trobok@ffri.uniri.hr\" target=\"_blank\" rel=\"noopener\">trobok@ffri.uniri.hr<\/a><\/td>\n<td style=\"width: 251.438px; height: 22px;\">051\/265-637<\/td>\n<td style=\"width: 93.0156px; height: 22px;\">F-414<\/td>\n<\/tr>\n<tr style=\"height: 22px;\">\n<td style=\"width: 239.891px; height: 22px;\"><a href=\"https:\/\/portal.uniri.hr\/portfelj\/1551\" target=\"_blank\" rel=\"noopener\" data-saferedirecturl=\"https:\/\/www.google.com\/url?q=https:\/\/portal.uniri.hr\/portfelj\/1551&amp;source=gmail&amp;ust=1625724122135000&amp;usg=AFQjCNFDzJmANivYStAP37ITw1_FT7kW8Q\">Predrag \u0160ustar<\/a><\/td>\n<td style=\"width: 376.766px; height: 22px;\"><a href=\"mailto:psustar@ffri.uniri.hr\" target=\"_blank\" rel=\"noopener\">psustar@ffri.uniri.hr<\/a><\/td>\n<td style=\"width: 251.438px; height: 22px;\">051\/265-601<\/td>\n<td style=\"width: 93.0156px; height: 22px;\">F-413<\/td>\n<\/tr>\n<tr style=\"height: 43px;\">\n<td style=\"width: 239.891px; height: 43px;\"><a href=\"https:\/\/portal.uniri.hr\/portfelj\/1104\" target=\"_blank\" rel=\"noopener\" data-saferedirecturl=\"https:\/\/www.google.com\/url?q=https:\/\/portal.uniri.hr\/portfelj\/1104&amp;source=gmail&amp;ust=1625724122135000&amp;usg=AFQjCNFVPdwbv8LDhJ2zCf8WqhuGcxh3eg\">Aleksandra Golubovi\u0107<\/a><\/td>\n<td style=\"width: 376.766px; height: 43px;\"><a href=\"mailto:aleksandra.golubovic@ffri.uniri.hr\" target=\"_blank\" rel=\"noopener\">aleksandra.golubovic@ffri.<wbr \/>uniri.hr<\/a><\/td>\n<td style=\"width: 251.438px; height: 43px;\">051\/265-643<\/td>\n<td style=\"width: 93.0156px; height: 43px;\">F-423<\/td>\n<\/tr>\n<tr style=\"height: 22px;\">\n<td style=\"width: 239.891px; height: 22px;\"><a href=\"https:\/\/portal.uniri.hr\/portfelj\/1541\" target=\"_blank\" rel=\"noopener\" data-saferedirecturl=\"https:\/\/www.google.com\/url?q=https:\/\/portal.uniri.hr\/portfelj\/1541&amp;source=gmail&amp;ust=1625724122135000&amp;usg=AFQjCNENScYMT0pRzVtyiUG5_syHoheKyw\">Luca Malatesti<\/a><\/td>\n<td style=\"width: 376.766px; height: 22px;\"><a href=\"mailto:lmalatesti@ffri.uniri.hr\" target=\"_blank\" rel=\"noopener\">lmalatesti@ffri.uniri.hr<\/a><\/td>\n<td style=\"width: 251.438px; height: 22px;\">051\/265-650<\/td>\n<td style=\"width: 93.0156px; height: 22px;\">F-422<\/td>\n<\/tr>\n<tr style=\"height: 22px;\">\n<td style=\"width: 239.891px; height: 22px;\">\u00a0<\/td>\n<td style=\"width: 376.766px; height: 22px;\">\u00a0<\/td>\n<td style=\"width: 251.438px; height: 22px;\">\u00a0<\/td>\n<td style=\"width: 93.0156px; height: 22px;\">\u00a0<\/td>\n<\/tr>\n<tr style=\"height: 22px;\">\n<td style=\"width: 967.109px; height: 22px;\" colspan=\"4\"><strong>Izvanredni profesori<\/strong><\/td>\n<\/tr>\n<tr style=\"height: 22px;\">\n<td style=\"width: 967.109px; height: 22px;\" colspan=\"4\">\u00a0<\/td>\n<\/tr>\n<tr style=\"height: 22px;\">\n<td style=\"width: 239.891px; height: 22px;\"><a href=\"https:\/\/portal.uniri.hr\/portfelj\/2388\" target=\"_blank\" rel=\"noopener\" data-saferedirecturl=\"https:\/\/www.google.com\/url?q=https:\/\/portal.uniri.hr\/portfelj\/2388&amp;source=gmail&amp;ust=1625724122135000&amp;usg=AFQjCNEPWrgybfR9A4-lGVMINE8WwoDm6Q\">Marko Jurjako<\/a><\/td>\n<td style=\"width: 376.766px; height: 22px;\"><a href=\"mailto:mjurjako@ffri.uniri.hr\" target=\"_blank\" rel=\"noopener\">mjurjako@ffri.uniri.hr<\/a><\/td>\n<td style=\"width: 251.438px; height: 22px;\">051\/669-210<\/td>\n<td style=\"width: 93.0156px; height: 22px;\">F-415<\/td>\n<\/tr>\n<tr style=\"height: 22px;\">\n<td style=\"width: 239.891px; height: 22px;\"><a href=\"https:\/\/portal.uniri.hr\/portfelj\/795\" target=\"_blank\" rel=\"noopener\" data-saferedirecturl=\"https:\/\/www.google.com\/url?q=https:\/\/portal.uniri.hr\/portfelj\/795&amp;source=gmail&amp;ust=1625724122135000&amp;usg=AFQjCNFHKZIHRQOtTz0UaFZCEwD35MB6oQ\">Iris Vidmar Jovanovi\u0107<\/a><\/td>\n<td style=\"width: 376.766px; height: 22px;\"><a href=\"mailto:ividmar@ffri.uniri.hr\" target=\"_blank\" rel=\"noopener\">ividmar@ffri.uniri.hr<\/a><\/td>\n<td style=\"width: 251.438px; height: 22px;\">051\/265-639<\/td>\n<td style=\"width: 93.0156px; height: 22px;\">F-425<\/td>\n<\/tr>\n<tr style=\"height: 22px;\">\n<td style=\"width: 967.109px; height: 22px;\" colspan=\"4\">\n<p><strong>Docenti<\/strong><\/p>\n<\/td>\n<\/tr>\n<tr style=\"height: 24px;\">\n<td style=\"width: 239.891px; height: 24px;\">\n<p><a href=\"https:\/\/portal.uniri.hr\/portfelj\/933\" target=\"_blank\" rel=\"noopener\" data-saferedirecturl=\"https:\/\/www.google.com\/url?q=https:\/\/portal.uniri.hr\/portfelj\/933&amp;source=gmail&amp;ust=1625724122135000&amp;usg=AFQjCNG1HaV55YUKBILi_Ib6HD5vmlMPzQ\">Ana Gavran Milo\u0161<\/a><\/p>\n<\/td>\n<td style=\"width: 376.766px; height: 24px;\"><a href=\"mailto:anag@ffri.uniri.hr\" target=\"_blank\" rel=\"noopener\">anag@ffri.uniri.hr<\/a><\/td>\n<td style=\"width: 251.438px; height: 24px;\">051\/265-640<\/td>\n<td style=\"width: 93.0156px; height: 24px;\">F-426<\/td>\n<\/tr>\n<tr style=\"height: 86px;\">\n<td style=\"width: 239.891px; height: 86px;\">\n<p><a href=\"https:\/\/portal.uniri.hr\/portfelj\/877\" target=\"_blank\" rel=\"noopener\" data-saferedirecturl=\"https:\/\/www.google.com\/url?q=https:\/\/portal.uniri.hr\/portfelj\/877&amp;source=gmail&amp;ust=1625724122135000&amp;usg=AFQjCNFvq13IJgrnNMsdPNTkwjk2nRdG2A\">Neven Petrovi\u0107<\/a><\/p>\n<\/td>\n<td style=\"width: 376.766px; height: 86px;\"><a href=\"mailto:npetrovic@ffri.uniri.hr\" target=\"_blank\" rel=\"noopener\">npetrovic@ffri.uniri.hr<\/a><\/td>\n<td style=\"width: 251.438px; height: 86px;\">051\/265-647<\/td>\n<td style=\"width: 93.0156px; height: 86px;\">F-425<\/td>\n<\/tr>\n<tr style=\"height: 86px;\">\n<td style=\"width: 239.891px; height: 86px;\">\n<p><a href=\"https:\/\/portal.uniri.hr\/portfelj\/128\" target=\"_blank\" rel=\"noopener\" data-saferedirecturl=\"https:\/\/www.google.com\/url?q=https:\/\/portal.uniri.hr\/portfelj\/128&amp;source=gmail&amp;ust=1625724122135000&amp;usg=AFQjCNGAUkQ9QfIjZ6swMIcS7w5ZVigc9w\">Neboj\u0161a Zeli\u010d<\/a><\/p>\n<\/td>\n<td style=\"width: 376.766px; height: 86px;\"><a href=\"mailto:nzelic@ffri.uniri.hr\" target=\"_blank\" rel=\"noopener\">nzelic@ffri.uniri.hr<\/a><\/td>\n<td style=\"width: 251.438px; height: 86px;\">051\/265-648<\/td>\n<td style=\"width: 93.0156px; height: 86px;\">F-426<\/td>\n<\/tr>\n<tr style=\"height: 86px;\">\n<td style=\"width: 239.891px; height: 86px;\">\n<p><a href=\"https:\/\/portal.uniri.hr\/portfelj\/853\" target=\"_blank\" rel=\"noopener\" data-saferedirecturl=\"https:\/\/www.google.com\/url?q=https:\/\/portal.uniri.hr\/portfelj\/853&amp;source=gmail&amp;ust=1625724122135000&amp;usg=AFQjCNF6IDLuTsEV_z93TlbfZ7FhNvvu_g\">Filip \u010ce\u010d<\/a><\/p>\n<\/td>\n<td style=\"width: 376.766px; height: 86px;\"><a href=\"mailto:fcec@ffri.uniri.hr\" target=\"_blank\" rel=\"noopener\">fcec@ffri.uniri.hr<\/a><\/td>\n<td style=\"width: 251.438px; height: 86px;\">051\/265-649<\/td>\n<td style=\"width: 93.0156px; height: 86px;\">F-424<\/td>\n<\/tr>\n<tr style=\"height: 115px;\">\n<td style=\"width: 239.891px; height: 115px;\">\n<p><a href=\"http:\/\/portal.uniri.hr\/portfelj\/2773\">Ivan Cerovac<\/a><\/p>\n<\/td>\n<td style=\"width: 376.766px; height: 115px;\"><a href=\"mailto:ividmar@ffri.uniri.hr\" target=\"_blank\" rel=\"noopener\">icerovac@ffri.uniri.hr<\/a><\/td>\n<td style=\"width: 251.438px; height: 115px;\">\u00a0<\/td>\n<td style=\"width: 93.0156px; height: 115px;\">F-424<\/td>\n<\/tr>\n<tr style=\"height: 115px;\">\n<td style=\"width: 239.891px; height: 115px;\">\n<p><a href=\"https:\/\/portal.uniri.hr\/portfelj\/2106#kontakt\">Zdenka Brzovi\u0107<\/a><\/p>\n<\/td>\n<td style=\"width: 376.766px; height: 115px;\">zdenka@ffri.uniri.hr\u00a0<\/td>\n<td style=\"width: 251.438px; height: 115px;\">051\/265-795<\/td>\n<td style=\"width: 93.0156px; height: 115px;\">F-413<\/td>\n<\/tr>\n<\/tbody>\n<\/table>\n<\/div>\n<div class=\"gmail_default\">\u00a0<\/div>\n<div>dr. sc. Nenad Smokrovi\u0107, profesor emeritus\u00a0 nenad@uniri.hr\u00a0<\/div>\n\n\n<p><\/p>\n","protected":false},"excerpt":{"rendered":"<p>\u00a0 \u00a0 Redoviti profesori Elvio Baccarini elvio.baccarini@ffri.uniri.hr 051\/265-641 F-418 Snje\u017eana Priji\u0107-Samar\u017eija prijic@uniri.hr 051\/265-644 F-417 Boran Ber\u010di\u0107 boran.bercic@ffri.uniri.hr 051\/265-645 F-416 Majda Trobok trobok@ffri.uniri.hr 051\/265-637 F-414 Predrag \u0160ustar psustar@ffri.uniri.hr 051\/265-601 F-413 Aleksandra Golubovi\u0107 aleksandra.golubovic@ffri.uniri.hr 051\/265-643 F-423 Luca Malatesti lmalatesti@ffri.uniri.hr 051\/265-650 F-422 \u00a0 \u00a0 \u00a0 \u00a0 Izvanredni profesori \u00a0 Marko Jurjako mjurjako@ffri.uniri.hr 051\/669-210 F-415 Iris Vidmar Jovanovi\u0107 ividmar@ffri.uniri.hr &hellip; <a href=\"https:\/\/phdphil.ffri.hr\/?page_id=19\">Continue reading <span class=\"meta-nav\">&rarr;<\/span><\/a><\/p>\n","protected":false},"author":1,"featured_media":0,"parent":0,"menu_order":0,"comment_status":"closed","ping_status":"closed","template":"","meta":[],"_links":{"self":[{"href":"https:\/\/phdphil.ffri.hr\/index.php?rest_route=\/wp\/v2\/pages\/19"}],"collection":[{"href":"https:\/\/phdphil.ffri.hr\/index.php?rest_route=\/wp\/v2\/pages"}],"about":[{"href":"https:\/\/phdphil.ffri.hr\/index.php?rest_route=\/wp\/v2\/types\/page"}],"author":[{"embeddable":true,"href":"https:\/\/phdphil.ffri.hr\/index.php?rest_route=\/wp\/v2\/users\/1"}],"replies":[{"embeddable":true,"href":"https:\/\/phdphil.ffri.hr\/index.php?rest_route=%2Fwp%2Fv2%2Fcomments&post=19"}],"version-history":[{"count":32,"href":"https:\/\/phdphil.ffri.hr\/index.php?rest_route=\/wp\/v2\/pages\/19\/revisions"}],"predecessor-version":[{"id":590,"href":"https:\/\/phdphil.ffri.hr\/index.php?rest_route=\/wp\/v2\/pages\/19\/revisions\/590"}],"wp:attachment":[{"href":"https:\/\/phdphil.ffri.hr\/index.php?rest_route=%2Fwp%2Fv2%2Fmedia&parent=19"}],"curies":[{"name":"wp","href":"https:\/\/api.w.org\/{rel}","templated":true}]}}