{"id":29,"date":"2014-07-17T19:11:22","date_gmt":"2014-07-17T19:11:22","guid":{"rendered":"http:\/\/phdphil.wordpress.com\/?page_id=29"},"modified":"2025-12-22T13:54:30","modified_gmt":"2025-12-22T13:54:30","slug":"uputeiobrasci","status":"publish","type":"page","link":"https:\/\/phdphil.ffri.hr\/?page_id=29","title":{"rendered":"Upute i obrasci"},"content":{"rendered":"<p><a href=\"http:\/\/phdphil.ffri.hr\/wp-content\/uploads\/2025\/11\/Obrasci_uz_Pravilnik_o_doktorskim_studijima_2024.docx\">OBRASCI (SVI) ZA PRA\u0106ENJE DOKTORSKIH STUDIJA UNIRI &#8211; hrvatski jezik<\/a><\/p>\n<p><a href=\"http:\/\/phdphil.ffri.hr\/wp-content\/uploads\/2024\/04\/University-forms-of-doctoral-education-on-english-language.docx\">OBRASCI (SVI) ZA PRA\u0106ENJE DOKTORSKIH STUDIJA UNIRI &#8211; engleski jezik<\/a><\/p>\n<p><a href=\"http:\/\/phdphil.ffri.hr\/wp-content\/uploads\/2022\/10\/upute-obrana-TEME-doktorskog-rada.pdf\">UPUTE OBRANA TEME DOKTORSKE DISERTACIJE<\/a><\/p>\n<p><a href=\"http:\/\/phdphil.ffri.hr\/wp-content\/uploads\/2022\/10\/upute-obrana-doktorskog-rada.pdf\">UPUTE POSTUPAK OBRANE DOKTORSKE DISERTACIJE<\/a><\/p>\n<p><a href=\"http:\/\/phdphil.ffri.hr\/wp-content\/uploads\/2023\/11\/a1-Obrazac_Prijava-doktorskog-rada.docx\">Zahtjev za ocjenu doktorske disertacije<\/a><\/p>\n<p><a href=\"http:\/\/phdphil.ffri.hr\/wp-content\/uploads\/2024\/04\/Donosenje-Uputa-za-izradu-i-opremanje-doktorskih-radova-26.3.24.pdf\">UPUTE ZA IZRADU I OPREMANJE DOKTORSKIH RADOVA &#8211; o\u017eujak 2024.<\/a><\/p>\n<p><a href=\"http:\/\/phdphil.ffri.hr\/wp-content\/uploads\/2025\/12\/Pravilnik-o-doktorskim-studijima-Filozofskoga-fakulteta-u-Rijeci-procisceni-tekst_10.12.2025.pdf\">PRAVILNIK O DOKTORSKIM STUDIJIMA FILOZOFSKOG FAKULTETA U RIJECI (pro\u010di\u0161\u0107eni tekst 10.12.2025.)<\/a><\/p>\n<p><a href=\"http:\/\/phdphil.ffri.hr\/wp-content\/uploads\/2024\/10\/2024_10_04_Pravilnik_o_doktorskim_studijima_Sveucilista_u_Rijeci_procisceni-tekst.pdf\">PRAVILNIK O DOKTORSKIM STUDIJIMA SVEU\u010cILI\u0160TA U RIJECI (pro\u010di\u0161\u0107eni tekst) &#8211; listopad 2024.<\/a><\/p>\n<p><a href=\"https:\/\/ffri.uniri.hr\/wp-content\/uploads\/Pravilnik_o_doktorskim_studijima-2023.pdf\">PRAVILNIK O DOKTORSKIM STUDIJIMA FILOZOFSKOGA FAKULTETA U RIJECI &#8211; velja\u010da 2023.<\/a><\/p>\n<p><a href=\"http:\/\/phdphil.ffri.hr\/wp-content\/uploads\/2024\/04\/Donosenje-Pravilnika-o-doktorskim-studijima-Sveucilista-u-Rijeci-veljaca-2024.pdf\">PRAVILNIK O DOKTROSKIM STUDIJIMA SVEU\u010cILI\u0160TA U RIJECI &#8211; velja\u010da 2024.<\/a><\/p>\n<p><a href=\"file:\/\/\/C:\/Users\/gordana.dzelalija\/Downloads\/08.02.-Odluka-o-izmjenama-Pravilnika-o-poslijediplomskim-sveucilisnim-studijima.pdf\">ODLUKA O IZMJENAMA PRAVILNIKA O POSLIJEDIPLOMSKIM SVEU\u010cILI\u0160NIM DOKTORSKIM STUDIJAMA UNIRI &#8211; 2022.<\/a><\/p>\n","protected":false},"excerpt":{"rendered":"<p>OBRASCI (SVI) ZA PRA\u0106ENJE DOKTORSKIH STUDIJA UNIRI &#8211; hrvatski jezik OBRASCI (SVI) ZA PRA\u0106ENJE DOKTORSKIH STUDIJA UNIRI &#8211; engleski jezik UPUTE OBRANA TEME DOKTORSKE DISERTACIJE UPUTE POSTUPAK OBRANE DOKTORSKE DISERTACIJE Zahtjev za ocjenu doktorske disertacije UPUTE ZA IZRADU I OPREMANJE DOKTORSKIH RADOVA &#8211; o\u017eujak 2024. PRAVILNIK O DOKTORSKIM STUDIJIMA FILOZOFSKOG FAKULTETA U RIJECI (pro\u010di\u0161\u0107eni tekst &hellip; <a href=\"https:\/\/phdphil.ffri.hr\/?page_id=29\">Continue reading <span class=\"meta-nav\">&rarr;<\/span><\/a><\/p>\n","protected":false},"author":1,"featured_media":0,"parent":0,"menu_order":0,"comment_status":"closed","ping_status":"closed","template":"","meta":[],"_links":{"self":[{"href":"https:\/\/phdphil.ffri.hr\/index.php?rest_route=\/wp\/v2\/pages\/29"}],"collection":[{"href":"https:\/\/phdphil.ffri.hr\/index.php?rest_route=\/wp\/v2\/pages"}],"about":[{"href":"https:\/\/phdphil.ffri.hr\/index.php?rest_route=\/wp\/v2\/types\/page"}],"author":[{"embeddable":true,"href":"https:\/\/phdphil.ffri.hr\/index.php?rest_route=\/wp\/v2\/users\/1"}],"replies":[{"embeddable":true,"href":"https:\/\/phdphil.ffri.hr\/index.php?rest_route=%2Fwp%2Fv2%2Fcomments&post=29"}],"version-history":[{"count":32,"href":"https:\/\/phdphil.ffri.hr\/index.php?rest_route=\/wp\/v2\/pages\/29\/revisions"}],"predecessor-version":[{"id":685,"href":"https:\/\/phdphil.ffri.hr\/index.php?rest_route=\/wp\/v2\/pages\/29\/revisions\/685"}],"wp:attachment":[{"href":"https:\/\/phdphil.ffri.hr\/index.php?rest_route=%2Fwp%2Fv2%2Fmedia&parent=29"}],"curies":[{"name":"wp","href":"https:\/\/api.w.org\/{rel}","templated":true}]}}