{"id":479,"date":"2022-10-31T15:56:06","date_gmt":"2022-10-31T15:56:06","guid":{"rendered":"http:\/\/phdphil.ffri.hr\/?page_id=479"},"modified":"2026-01-14T14:08:16","modified_gmt":"2026-01-14T14:08:16","slug":"novosti","status":"publish","type":"page","link":"https:\/\/phdphil.ffri.hr\/?page_id=479","title":{"rendered":"Novosti"},"content":{"rendered":"\n<p><a href=\"http:\/\/phdphil.ffri.hr\/wp-content\/uploads\/2025\/05\/DS-Filozofija-i-suvremenost-izvedbeni-planovi-24-25-izmjene-svibanj-2025.pdf\">Izmjene i dopune izvedbenih programa za ak. godinu 2024.\/2025. &#8211; dodatak<\/a><\/p>\n\n\n\n<p><a href=\"http:\/\/phdphil.ffri.hr\/wp-content\/uploads\/2024\/10\/DS-Filozofija-i-suvremenost-izvedbeni-planovi-24-25.pdf\">Izmjene i dopune izvedbenih programa za ak. godinu 2024.\/2025.<\/a><\/p>\n\n\n\n<p><a href=\"http:\/\/phdphil.ffri.hr\/wp-content\/uploads\/2024\/06\/DS-Filozofija-i-suvremenost-izvedbeni-planovi-23-24-dopuna-travanj-2024.pdf\" data-type=\"URL\" data-id=\"http:\/\/phdphil.ffri.hr\/wp-content\/uploads\/2024\/06\/DS-Filozofija-i-suvremenost-izvedbeni-planovi-23-24-dopuna-travanj-2024.pdf\">Izmjene i dopune izvedbenih programa  za ak. godinu 2023.\/2024.<\/a><\/p>\n\n\n\n<p><a href=\"https:\/\/edudoc.svkri.hr\/\">EduDoc<\/a> &#8211; virtualno mjesto za studente doktorskih studija Sveu\u010dili\u0161ne knji\u017enice Rijeka<\/p>\n\n\n\n<p><a href=\"https:\/\/ffri.uniri.hr\/natjecaj-za-upis-na-doktorski-studij-filozofija-i-suvremenost-ak-godina-2026-2027\/\">Natje\u010daj za upis na doktorski studj u ak. god. 2026.\/2027.<\/a><\/p>\n\n\n\n<p><a href=\"https:\/\/hdaf.ffri.hr\/\">KONFERENCIJE\/PREDAVANJA\/SEMINARI\/RADIONICE<\/a> <br>u organizaciji Doktorskog studija\/Odsjeka za filozofiju FFRI\/ HDAF<\/p>\n\n\n\n<p><\/p>\n\n\n\n<p><img decoding=\"async\" loading=\"lazy\" width=\"160\" height=\"120\" class=\"wp-image-31\" style=\"width: 150px;\" src=\"http:\/\/phdphil.ffri.hr\/wp-content\/uploads\/2014\/07\/ffri.jpg\" alt=\"\"> <\/p>\n\n\n\n<p>DOKTORSKE RADIONICE<\/p>\n\n\n\n<p><a href=\"https:\/\/doktorska.uniri.hr\/doktorska-skola\/studentske-aktivnosti\/radionice\/?cst\">Doktorske radionice u organizaciji Sveu\u010dili\u0161ta u Rijeci<\/a><\/p>\n\n\n\n<p><a href=\"https:\/\/doktorska.uniri.hr\/doktorska-skola\/studentske-aktivnosti\/phd-career-cafe\/\">Phd career caf\u00e9 Sveu\u010dili\u0161ta u Rijeci<\/a><\/p>\n\n\n\n<p style=\"font-size:28px\"><strong>Doktorska radionica studija <em>Filozofija <\/em>i <em>suvremenost<\/em><\/strong><\/p>\n\n\n\n<p style=\"font-size:24px\"><strong>ponedjeljak 28. 04. 2025.<\/strong><\/p>\n\n\n\n<p>Pozivamo vas na doktorsku radionicu doktorskog studija Filozfoija i suvremenost koja \u0107e se odr\u017eati na Filozofskom fakultetu\/hibridno u ponedjeljak 28. 04. 2025. prema sljede\u0107em <a href=\"http:\/\/phdphil.ffri.hr\/wp-content\/uploads\/2025\/04\/Radionica-doktorskog-studija-travanj-2025.pdf\" data-type=\"URL\" data-id=\"http:\/\/phdphil.ffri.hr\/wp-content\/uploads\/2025\/04\/Radionica-doktorskog-studija-travanj-2025.pdf\">programu.<\/a><\/p>\n\n\n\n<p class=\"has-medium-font-size\"><strong>ponedjeljak 10<\/strong>. <strong>03<\/strong>. <strong>2025<\/strong>.<\/p>\n\n\n\n<p>Pozivamo vas na doktorsku radionicu doktorskog studija Filozofija i suvremenost koja \u0107e se odr\u017eati na Filozofskom fakultetu\/hibridno u ponedjeljak 10. 03. 2025. godine prema sljede\u0107em <a href=\"http:\/\/phdphil.ffri.hr\/wp-content\/uploads\/2025\/03\/Radionica-doktorskog-studija-ozujak-2025.pdf\">programu<\/a>.<\/p>\n\n\n\n<h2 class=\"wp-block-heading\">Doktorska radionica studija <em>Filozofija i suvremenost<\/em> <br>utorak 03.12.2024.<\/h2>\n\n\n\n<p>Pozivamo vas na doktorsku radionicu doktorskog studija Filozofija i suvremenost koja \u0107e se odr\u017eati na Filozofskom fakultetu u utorak. 03.12.2024. prema sljede\u0107em <a href=\"http:\/\/phdphil.ffri.hr\/wp-content\/uploads\/2024\/12\/PHD-students-workshop-Kant-Collingwood-and-Walton-on-art.pdf\">programu<\/a>.<\/p>\n\n\n\n<h2 class=\"wp-block-heading\">Doktorska radionica studija <em>Filozofija i suvremenost<\/em> <br>utorak 07.05.2024.<\/h2>\n\n\n\n<p>Pozivamo vas na doktorsku radionicu doktorskog studija Filozofija i suvremenost koja \u0107e se odr\u017eati na Filozofskom fakultetu u utorak 07.05.2024. prema sljede\u0107em <a href=\"http:\/\/phdphil.ffri.hr\/wp-content\/uploads\/2024\/10\/Radionica-svibanj-2024.pdf\">programu<\/a>.<\/p>\n\n\n\n<p>Redoviti sastanak doktoranada<\/p>\n\n\n\n<h2 class=\"wp-block-heading\">Doktorska radionica studija <em>Filozofija i suvremenost<\/em> <br>ponedjeljak 29.04.2024.<\/h2>\n\n\n\n<p>Pozivamo vas na doktorsku radionicu <strong>za mentore i studente <\/strong>studija Filozofija i suvremenost koja \u0107e se odr\u017eati na Filozofskom fakultetu u ponedjeljak 29.04.2024. prema sljede\u0107em <a href=\"http:\/\/phdphil.ffri.hr\/wp-content\/uploads\/2024\/10\/29.4.24.-Radionica-za-mentore-i-doktorande.pdf\">programu<\/a>.<\/p>\n\n\n\n<p>Redoviti sastanak doktoranada<\/p>\n\n\n\n<h2 class=\"wp-block-heading\">Doktorska radionica studija <em>Filozofija i suvremenost<\/em> <br>\u010detvrtak 14.02.2024.<\/h2>\n\n\n\n<p>Pozivamo vas na doktorsku radionicu doktorskog studija Filozofija i suvremenost koja \u0107e se odr\u017eati na Filozofskom fakultetu u \u010detvrtak 14.02.2024. prema sljede\u0107em <a href=\"http:\/\/phdphil.ffri.hr\/wp-content\/uploads\/2024\/10\/Doctoral-workshop-14.2.24.pdf\">programu<\/a>.<\/p>\n\n\n\n<p>Redoviti sastanak doktoranada<\/p>\n\n\n\n<h2 class=\"wp-block-heading\">Doktorska radionica studija <em>Filozofija i suvremenost<\/em> <br>ponedjeljak 18.12.2023.<\/h2>\n\n\n\n<p>Pozivamo vas na doktorsku radionicu poslijediplomskog sveu\u010dili\u0161nog studija Filozofija i suvremenost koja \u0107e se odr\u017eati <em>online<\/em> u ponedjeljak 18.12.2023. prema sljede\u0107em <a href=\"http:\/\/phdphil.ffri.hr\/wp-content\/uploads\/2024\/10\/Workshop-18.12.2023.pdf\">programu<\/a>.<\/p>\n\n\n\n<p>Redoviti sastanak doktoranada<\/p>\n\n\n\n<h2 class=\"wp-block-heading\">Doktorska radionica poslijediplomskog sveu\u010dili\u0161nog studija <em>Filozofija i suvremenost<\/em> utorak 14.03.2023.<\/h2>\n\n\n\n<p>Pozivamo vas na doktorsku radionicu poslijediplomskog sveu\u010dili\u0161nog studija Filozofija i suvremenost koja \u0107e se odr\u017eati <em>online<\/em> u utorak 14.03.2023. prema sljede\u0107em programu.<\/p>\n\n\n\n<p>Redoviti sastanak doktoranada<\/p>\n\n\n\n<h2 class=\"wp-block-heading\">Doktorska radionica poslijediplomskog sveu\u010dili\u0161nog studija <em>Filozofija i suvremenost<\/em> utorak 15.11.2022.<\/h2>\n\n\n\n<p>Pozivamo vas na doktorsku radionicu poslijediplomskog sveu\u010dili\u0161nog studija Filozofija i suvremenost koja \u0107e se odr\u017eati <em>online<\/em> u utorak 15.11.2022. prema sljede\u0107em <a href=\"https:\/\/ffri.uniri.hr\/wp-content\/uploads\/Program-radionica_FiS-11_2022.pdf\">programu.<\/a><\/p>\n\n\n\n<p>Redoviti sastanak doktoranada<\/p>\n\n\n\n<p><\/p>\n\n\n\n<p><\/p>\n\n\n\n<p><\/p>\n\n\n\n<p><\/p>\n\n\n\n<h2 class=\"wp-block-heading\">Redoviti sastanak doktoranada<\/h2>\n\n\n\n<p>Drage doktorandice i dragi doktorandi,<\/p>\n\n\n\n<p>Pozivamo vas na redoviti sastanak doktoranada koji \u0107e se odr\u017eati u ponedjeljak 17.10. u 12:00, preko Zooma, na sljede\u0107oj poveznici:<\/p>\n\n\n\n<p>Filozofija Doktorski is inviting you to a scheduled Zoom meeting.<\/p>\n\n\n\n<p>Topic: Filozofija Doktorski&#8217;s Zoom Meeting<br>Time: Oct 17, 2022 12:00 Warsaw<\/p>\n\n\n\n<p>Join Zoom Meeting<br>https:\/\/us02web.zoom.us\/j\/84562881492?pwd=QWwzMGRLMXN0dmlJNnl4QXhtZzgzdz09<\/p>\n\n\n\n<p>Meeting ID: 845 6288 1492<br>Passcode: 156012<\/p>\n\n\n\n<p><\/p>\n\n\n\n<p><\/p>\n\n\n\n<p><\/p>\n\n\n\n<p><\/p>\n\n\n\n<h2 class=\"wp-block-heading\">Doktorska radionica poslijediplomskog sveu\u010dili\u0161nog studija <em>Filozofija i suvremenost<\/em> 7. i 8. srpnja<\/h2>\n\n\n\n<p>Pozivamo vas na radionicu poslijediplomskog studija Filozofija i suvremenost koja \u0107e se odr\u017eati 7. i 8. srpnja na Filozofskom fakultetu u Rijeci u hibridnom obliku prema <a href=\"https:\/\/www.ffri.uniri.hr\/files\/vijesti\/2021-2022\/Program-Doktorska_radionica-7_2022.pdf\">programu<\/a>.<\/p>\n\n\n\n<p><\/p>\n\n\n\n<p><\/p>\n\n\n\n<p><\/p>\n\n\n\n<p><\/p>\n\n\n\n<h2 class=\"wp-block-heading\">Redoviti sastanak doktoranada<\/h2>\n\n\n\n<p>Drage doktorandice i dragi doktorandi,<\/p>\n\n\n\n<p>Pozivamo vas na redoviti sastanak doktoranada koji \u0107e se odr\u017eati u ponedjeljak 27.6. putem Zooma.<\/p>\n\n\n\n<p>Filozofija Doktorski is inviting you to a scheduled Zoom meeting.<\/p>\n\n\n\n<p>Topic: Filozofija Doktorski&#8217;s Zoom Meeting<br>Time: Jun 27, 2022 17:00 Warsaw<\/p>\n\n\n\n<p>Join Zoom Meeting<br>https:\/\/us02web.zoom.us\/j\/83715992900?pwd=NQ3GJjPu68DGLi_MSillElDQigAjjK.1<\/p>\n\n\n\n<p>Meeting ID: 837 1599 2900<br>Passcode: 721039<\/p>\n\n\n\n<p><\/p>\n\n\n\n<p><\/p>\n\n\n\n<p><\/p>\n\n\n\n<p><\/p>\n\n\n\n<h2 class=\"wp-block-heading\">Doktorska radionica poslijediplomskog sveu\u010dili\u0161nog studija&nbsp;<em>Filozofija i suvremenost<\/em>&nbsp;20. i 21.1.2022.<\/h2>\n\n\n\n<p>Pozivamo vas na radionicu poslijediplomskog studija Filozofija i suvremenost koja \u0107e se odr\u017eati 20. i 21.1.2022. prema sljede\u0107em <a href=\"https:\/\/www.ffri.uniri.hr\/files\/vijesti\/2021-2022\/Program-Doktorski_workshop-1_2022.pdf\">programu<\/a>.<\/p>\n","protected":false},"excerpt":{"rendered":"<p>Izmjene i dopune izvedbenih programa za ak. godinu 2024.\/2025. &#8211; dodatak Izmjene i dopune izvedbenih programa za ak. godinu 2024.\/2025. Izmjene i dopune izvedbenih programa za ak. godinu 2023.\/2024. EduDoc &#8211; virtualno mjesto za studente doktorskih studija Sveu\u010dili\u0161ne knji\u017enice Rijeka Natje\u010daj za upis na doktorski studj u ak. god. 2026.\/2027. KONFERENCIJE\/PREDAVANJA\/SEMINARI\/RADIONICE u organizaciji Doktorskog studija\/Odsjeka &hellip; <a href=\"https:\/\/phdphil.ffri.hr\/?page_id=479\">Continue reading <span class=\"meta-nav\">&rarr;<\/span><\/a><\/p>\n","protected":false},"author":1,"featured_media":0,"parent":0,"menu_order":0,"comment_status":"closed","ping_status":"closed","template":"","meta":[],"_links":{"self":[{"href":"https:\/\/phdphil.ffri.hr\/index.php?rest_route=\/wp\/v2\/pages\/479"}],"collection":[{"href":"https:\/\/phdphil.ffri.hr\/index.php?rest_route=\/wp\/v2\/pages"}],"about":[{"href":"https:\/\/phdphil.ffri.hr\/index.php?rest_route=\/wp\/v2\/types\/page"}],"author":[{"embeddable":true,"href":"https:\/\/phdphil.ffri.hr\/index.php?rest_route=\/wp\/v2\/users\/1"}],"replies":[{"embeddable":true,"href":"https:\/\/phdphil.ffri.hr\/index.php?rest_route=%2Fwp%2Fv2%2Fcomments&post=479"}],"version-history":[{"count":30,"href":"https:\/\/phdphil.ffri.hr\/index.php?rest_route=\/wp\/v2\/pages\/479\/revisions"}],"predecessor-version":[{"id":692,"href":"https:\/\/phdphil.ffri.hr\/index.php?rest_route=\/wp\/v2\/pages\/479\/revisions\/692"}],"wp:attachment":[{"href":"https:\/\/phdphil.ffri.hr\/index.php?rest_route=%2Fwp%2Fv2%2Fmedia&parent=479"}],"curies":[{"name":"wp","href":"https:\/\/api.w.org\/{rel}","templated":true}]}}